{"id":17,"date":"2020-08-26T08:51:36","date_gmt":"2020-08-26T08:51:36","guid":{"rendered":"http:\/\/spielschloss-diedersdorf.de\/?page_id=17"},"modified":"2020-08-26T08:51:36","modified_gmt":"2020-08-26T08:51:36","slug":"datenschutz","status":"publish","type":"page","link":"https:\/\/spielschloss-diedersdorf.de\/STRATO-apps\/wordpress_01\/app\/datenschutz\/","title":{"rendered":"Datenschutz"},"content":{"rendered":"\n<h1>Datenschutzerkl\u00e4rung<\/h1>\n\n\n\n<p><strong>Grundlegendes<\/strong><br>Diese Datenschutzerkl\u00e4rung soll die Nutzer dieser Website \u00fcber die Art, den Umfang und den Zweck der Erhebung und Verwendung personenbezogener Daten durch die Freizeit Fabrik Berlin GmbH informieren.<br>Wir nehmen Ihren Datenschutz sehr ernst und behandeln Ihre personenbezogenen Daten vertraulich und entsprechend der gesetzlichen Vorschriften.<br>Da durch neue Methoden und Techniken und die st\u00e4ndige Weiterentwicklung unserer Seite \u00c4nderungen an dieser Datenschutzerkl\u00e4rung vorgenommen werden k\u00f6nnten, empfehlen wir Ihnen sich die Datenschutzerkl\u00e4rung in regelm\u00e4\u00dfigen Abst\u00e4nden wieder durchzulesen. Definitionen der verwendeten Begriffe (z.B. \u201cpersonenbezogene Daten\u201d oder \u201cVerarbeitung\u201d) finden Sie in Art. 4 DSGVO.<\/p>\n\n\n\n<p><strong>Erhebung und Verarbeitung von Daten<\/strong><br>Jeder Zugriff auf unsere Internetseite und jeder Abruf einer auf dieser Website hinterlegten Datei werden, wie bei anderen Webseiten auch, durch unseren Serviceprovider protokolliert. Die Speicherung dient internen systembezogenen und statistischen Zwecken. Protokolliert werden: Name der abgerufenen Datei, Datum und Uhrzeit des Abrufs, \u00fcbertragene Datenmenge, Meldung \u00fcber erfolgreichen Abruf, Webbrowser und anfragende Domain. Zus\u00e4tzlich werden die IP Adressen der anfragenden Rechner protokolliert. Weitergehende personenbezogene Daten werden nur erfasst, wenn der Nutzer der Website und\/oder Kunde Angaben freiwillig, etwa im Rahmen einer Anfrage oder Registrierung oder zum Abschluss eines Vertrages oder \u00fcber die Einstellungen seines Browsers t\u00e4tigt.<\/p>\n\n\n\n<p><strong>Cookies<\/strong><br>Unsere Internetseite verwendet Cookies. Ein Cookie ist eine Textdatei, die beim Besuch einer Internetseite verschickt und auf der Festplatte des Nutzer der Website und\/oder Kunden zwischengespeichert wird. Wird der entsprechende Server unserer Webseite erneut vom Nutzer der Website und\/oder Kunden aufgerufen, sendet der Browser des Nutzers der Website und\/oder des Kunden den zuvor empfangenen Cookie wieder zur\u00fcck an den Server. Der Server kann dann die durch diese Prozedur erhaltenen Informationen auf verschiedene Arten auswerten. Durch Cookies k\u00f6nnen z. B. Werbeeinblendungen gesteuert oder das Navigieren auf einer Internetseite erleichtert werden. Wenn der Nutzer der Website und\/oder Kunde die Nutzung von Cookies unterbinden will, kann er dies durch lokale Vornahme der \u00c4nderungen seiner Einstellungen in dem auf seinem Computer verwendeten Internetbrowser, also dem Programm zum \u00d6ffnen und Anzeigen von Internetseiten (z.B. Internet Explorer, Mozilla Firefox, Opera oder Safari) tun.<\/p>\n\n\n\n<p><strong>Nutzung und Weitergabe personenbezogener Daten<\/strong><br>Soweit der Nutzer unserer Webseite personenbezogene Daten zur Verf\u00fcgung gestellt hat, z.B. durch Schreiben einer Email an unsere Kontaktdaten, verwenden wir diese nur zur Beantwortung von Anfragen des Kunden, zur Abwicklung mit dem Kunden geschlossener Vertr\u00e4ge und f\u00fcr die technische Administration. Personenbezogene Daten werden von uns an Dritte nur weitergegeben oder sonst \u00fcbermittelt, wenn dies zum Zwecke der Vertragsabwicklung oder zu Abrechnungszwecken erforderlich ist oder der Nutzer der Website und\/oder Kunde zuvor eingewilligt hat. Der Nutzer der Website und\/oder Kunde hat das Recht, eine erteilte Einwilligung mit Wirkung f\u00fcr die Zukunft jederzeit zu widerrufen.<\/p>\n\n\n\n<p>Die L\u00f6schung der gespeicherten personenbezogenen Daten erfolgt, wenn der Nutzer der Website und\/oder Kunde die Einwilligung zur Speicherung widerruft, wenn ihre Kenntnis zur Erf\u00fcllung des mit der Speicherung verfolgten Zwecks nicht mehr erforderlich ist oder wenn ihre Speicherung aus sonstigen gesetzlichen Gr\u00fcnden unzul\u00e4ssig ist. Daten f\u00fcr Abrechnungszwecke und buchhalterische Zwecke werden von einem L\u00f6schungsverlangen nicht ber\u00fchrt.<\/p>\n\n\n\n<p><strong>Buchung und Kontaktaufnahme \u00fcber unser Reservierungsformular<\/strong><br>Diese Website nutzt das Reservierungssystem <a href=\"https:\/\/centralplanner.de\">CentralPlanner <\/a>f\u00fcr die Speicherung und Verarbeitung Ihrer Kontaktaufnahme bei Reservierungsanfragen. Anbieter ist die 42he GmbH, Marktstra\u00dfe 10 \u2013 Geb\u00e4ude E8, 50968 K\u00f6ln, Deutschland (nachfolgend \u201e42he\u201c genannt). CentralPlanner ist ein Dienst, mit dem Reservierungen organisiert und Kunden betreut werden k\u00f6nnen. Die von Ihnen zum Zwecke der Kontaktaufnahme eingegeben Daten werden auf den Servern von CentralPlanner in Deutschland gespeichert. Mit Hilfe von CentralPlanner ist es uns m\u00f6glich, die Anfragen \u00fcber unsere Webseite besser zu organisieren und schneller beantworten zu k\u00f6nnen.<\/p>\n\n\n\n<p><strong>Rechtsgrundlage:<\/strong> Die Datenverarbeitung erfolgt auf Grundlage Ihrer Einwilligung (Artikel 6 Absatz 1 Buchstabe a DSGVO).<br><strong>Ihre Rechte:<\/strong> Sie haben gegen\u00fcber uns hinsichtlich der Sie betreffenden personenbezogenen Daten die folgenden Rechte: Recht auf Auskunft, Recht auf Berichtigung oder L\u00f6schung, Recht auf Einschr\u00e4nkung der Verarbeitung, Recht auf Widerspruch gegen die Verarbeitung, Recht auf Daten\u00fcbertragbarkeit. Sie haben zudem das Recht, sich bei einer Datenschutz-Aufsichtsbeh\u00f6rde \u00fcber die Verarbeitung Ihrer personenbezogenen Daten durch uns zu beschweren.<\/p>\n\n\n\n<p><strong>Speicherdauer<\/strong><br>Die von Ihnen zum Zwecke der Kontaktaufnahme bei 42he hinterlegten Daten werden von 42he so lange gespeichert, bis diese von uns gel\u00f6scht werden. N\u00e4heres entnehmen Sie den Datenschutzbestimmungen von CentralPlanner unter: <a href=\"https:\/\/centralplanner.net\/www\/privacy\">https:\/\/centralplanner.net\/www\/privacy<\/a>.<\/p>\n\n\n\n<p><strong>Abschluss eines Vertrags \u00fcber Auftragsdatenverarbeitung<\/strong><br>Wir haben mit CentralPlanner einen Vertrag abgeschlossen, in dem wir CentralPlanner verpflichten, die Daten unserer Kunden zu sch\u00fctzen und sie nicht an Dritte weiterzugeben. Dieser Vertrag kann unter folgendem Link eingesehen werden: <a href=\"https:\/\/centralplanner.de\/avv\">https:\/\/centralplanner.de\/avv<\/a><\/p>\n\n\n\n<h4><strong>Rechte des Nutzers<\/strong><br>Sie haben als Nutzer das Recht, auf Antrag eine kostenlose Auskunft dar\u00fcber zu erhalten, welche personenbezogenen Daten \u00fcber Sie gespeichert wurden. Sie haben au\u00dferdem das Recht auf Berichtigung falscher Daten und auf die Verarbeitungseinschr\u00e4nkung oder L\u00f6schung Ihrer personenbezogenen Daten. Falls zutreffend, k\u00f6nnen Sie auch Ihr Recht auf Datenportabilit\u00e4t geltend machen. Sollten Sie annehmen, dass Ihre Daten unrechtm\u00e4\u00dfig verarbeitet wurden, k\u00f6nnen Sie eine Beschwerde bei der zust\u00e4ndigen Aufsichtsbeh\u00f6rde einreichen.<\/h4>\n\n\n\n<h5><strong>L\u00f6schung von Daten<\/strong><br>Sofern Ihr Wunsch nicht mit einer gesetzlichen Pflicht zur Aufbewahrung von Daten (z. B. Vorratsdatenspeicherung) kollidiert, haben Sie ein Anrecht auf L\u00f6schung Ihrer Daten. Von uns gespeicherte Daten werden, sollten sie f\u00fcr ihre Zweckbestimmung nicht mehr vonn\u00f6ten sein und es keine gesetzlichen Aufbewahrungsfristen geben, gel\u00f6scht. Falls eine L\u00f6schung nicht durchgef\u00fchrt werden kann, da die Daten f\u00fcr zul\u00e4ssige gesetzliche Zwecke erforderlich sind, erfolgt eine Einschr\u00e4nkung der Datenverarbeitung. In diesem Fall werden die Daten gesperrt und nicht f\u00fcr andere Zwecke verarbeitet.<\/h5>\n\n\n\n<h5><strong>Widerspruchsrecht<\/strong><br>Nutzer dieser Webseite k\u00f6nnen von ihrem Widerspruchsrecht Gebrauch machen und der Verarbeitung ihrer personenbezogenen Daten zu jeder Zeit widersprechen.<\/h5>\n\n\n\n<p>Wenn Sie eine Berichtigung, Sperrung, L\u00f6schung oder Auskunft \u00fcber die zu Ihrer Person gespeicherten personenbezogenen Daten w\u00fcnschen oder Fragen bzgl. der Erhebung, Verarbeitung oder Verwendung Ihrer personenbezogenen Daten haben oder erteilte Einwilligungen widerrufen m\u00f6chten, wenden Sie sich bitte an folgende E-Mail-Adresse: kontakt@dockx-berlin.de<\/p>\n\n\n\n<p>Quellen: <a href=\"http:\/\/www.datenschutz.org\">datenschutz.org<\/a> und <a href=\"https:\/\/www.itrecht-hannover.de\">IT Recht Hannover | Rechtsanwalt E. Strohmeyer<\/a><\/p>\n\n\n\n<p><\/p>\n","protected":false},"excerpt":{"rendered":"<p>Datenschutzerkl\u00e4rung GrundlegendesDiese Datenschutzerkl\u00e4rung soll die Nutzer dieser Website \u00fcber die Art, den Umfang und den Zweck der Erhebung und Verwendung personenbezogener Daten durch die Freizeit Fabrik Berlin GmbH informieren.Wir nehmen Ihren Datenschutz sehr ernst und behandeln Ihre personenbezogenen Daten vertraulich und entsprechend der gesetzlichen Vorschriften.Da durch neue Methoden und Techniken und die st\u00e4ndige Weiterentwicklung unserer &hellip; <\/p>\n<p class=\"link-more\"><a href=\"https:\/\/spielschloss-diedersdorf.de\/STRATO-apps\/wordpress_01\/app\/datenschutz\/\" class=\"more-link\"><span class=\"screen-reader-text\">\u201eDatenschutz\u201c<\/span> weiterlesen<\/a><\/p>\n","protected":false},"author":1,"featured_media":0,"parent":0,"menu_order":0,"comment_status":"closed","ping_status":"closed","template":"","meta":{"_themeisle_gutenberg_block_has_review":false,"_ti_tpc_template_sync":false,"_ti_tpc_template_id":""},"yoast_head":"<!-- This site is optimized with the Yoast SEO plugin v18.4.1 - https:\/\/yoast.com\/wordpress\/plugins\/seo\/ -->\n<title>Datenschutz - Das tolle Spielschloss- Diedersdorf<\/title>\n<meta name=\"robots\" content=\"index, follow, max-snippet:-1, max-image-preview:large, max-video-preview:-1\" \/>\n<link rel=\"canonical\" href=\"https:\/\/spielschloss-diedersdorf.de\/datenschutz\/\" \/>\n<meta property=\"og:locale\" content=\"de_DE\" \/>\n<meta property=\"og:type\" content=\"article\" \/>\n<meta property=\"og:title\" content=\"Datenschutz - Das tolle Spielschloss- Diedersdorf\" \/>\n<meta property=\"og:description\" content=\"Datenschutzerkl\u00e4rung GrundlegendesDiese Datenschutzerkl\u00e4rung soll die Nutzer dieser Website \u00fcber die Art, den Umfang und den Zweck der Erhebung und Verwendung personenbezogener Daten durch die Freizeit Fabrik Berlin GmbH informieren.Wir nehmen Ihren Datenschutz sehr ernst und behandeln Ihre personenbezogenen Daten vertraulich und entsprechend der gesetzlichen Vorschriften.Da durch neue Methoden und Techniken und die st\u00e4ndige Weiterentwicklung unserer &hellip; \u201eDatenschutz\u201c weiterlesen\" \/>\n<meta property=\"og:url\" content=\"https:\/\/spielschloss-diedersdorf.de\/datenschutz\/\" \/>\n<meta property=\"og:site_name\" content=\"Das tolle Spielschloss- Diedersdorf\" \/>\n<meta name=\"twitter:card\" content=\"summary_large_image\" \/>\n<meta name=\"twitter:label1\" content=\"Gesch\u00e4tzte Lesezeit\" \/>\n\t<meta name=\"twitter:data1\" content=\"5\u00a0Minuten\" \/>\n<script type=\"application\/ld+json\" class=\"yoast-schema-graph\">{\"@context\":\"https:\/\/schema.org\",\"@graph\":[{\"@type\":\"WebSite\",\"@id\":\"https:\/\/spielschloss-diedersdorf.de\/#website\",\"url\":\"https:\/\/spielschloss-diedersdorf.de\/\",\"name\":\"Das tolle Spielschloss- Diedersdorf\",\"description\":\"Ein Indoorspielplatz und eine gro\u00dfe Erlebnis- Au\u00dfenfl\u00e4che warten auf Euch!\",\"potentialAction\":[{\"@type\":\"SearchAction\",\"target\":{\"@type\":\"EntryPoint\",\"urlTemplate\":\"https:\/\/spielschloss-diedersdorf.de\/?s={search_term_string}\"},\"query-input\":\"required name=search_term_string\"}],\"inLanguage\":\"de\"},{\"@type\":\"WebPage\",\"@id\":\"https:\/\/spielschloss-diedersdorf.de\/datenschutz\/#webpage\",\"url\":\"https:\/\/spielschloss-diedersdorf.de\/datenschutz\/\",\"name\":\"Datenschutz - Das tolle Spielschloss- Diedersdorf\",\"isPartOf\":{\"@id\":\"https:\/\/spielschloss-diedersdorf.de\/#website\"},\"datePublished\":\"2020-08-26T08:51:36+00:00\",\"dateModified\":\"2020-08-26T08:51:36+00:00\",\"breadcrumb\":{\"@id\":\"https:\/\/spielschloss-diedersdorf.de\/datenschutz\/#breadcrumb\"},\"inLanguage\":\"de\",\"potentialAction\":[{\"@type\":\"ReadAction\",\"target\":[\"https:\/\/spielschloss-diedersdorf.de\/datenschutz\/\"]}]},{\"@type\":\"BreadcrumbList\",\"@id\":\"https:\/\/spielschloss-diedersdorf.de\/datenschutz\/#breadcrumb\",\"itemListElement\":[{\"@type\":\"ListItem\",\"position\":1,\"name\":\"Startseite\",\"item\":\"https:\/\/spielschloss-diedersdorf.de\/\"},{\"@type\":\"ListItem\",\"position\":2,\"name\":\"Datenschutz\"}]}]}<\/script>\n<!-- \/ Yoast SEO plugin. -->","yoast_head_json":{"title":"Datenschutz - Das tolle Spielschloss- Diedersdorf","robots":{"index":"index","follow":"follow","max-snippet":"max-snippet:-1","max-image-preview":"max-image-preview:large","max-video-preview":"max-video-preview:-1"},"canonical":"https:\/\/spielschloss-diedersdorf.de\/datenschutz\/","og_locale":"de_DE","og_type":"article","og_title":"Datenschutz - Das tolle Spielschloss- Diedersdorf","og_description":"Datenschutzerkl\u00e4rung GrundlegendesDiese Datenschutzerkl\u00e4rung soll die Nutzer dieser Website \u00fcber die Art, den Umfang und den Zweck der Erhebung und Verwendung personenbezogener Daten durch die Freizeit Fabrik Berlin GmbH informieren.Wir nehmen Ihren Datenschutz sehr ernst und behandeln Ihre personenbezogenen Daten vertraulich und entsprechend der gesetzlichen Vorschriften.Da durch neue Methoden und Techniken und die st\u00e4ndige Weiterentwicklung unserer &hellip; \u201eDatenschutz\u201c weiterlesen","og_url":"https:\/\/spielschloss-diedersdorf.de\/datenschutz\/","og_site_name":"Das tolle Spielschloss- Diedersdorf","twitter_card":"summary_large_image","twitter_misc":{"Gesch\u00e4tzte Lesezeit":"5\u00a0Minuten"},"schema":{"@context":"https:\/\/schema.org","@graph":[{"@type":"WebSite","@id":"https:\/\/spielschloss-diedersdorf.de\/#website","url":"https:\/\/spielschloss-diedersdorf.de\/","name":"Das tolle Spielschloss- Diedersdorf","description":"Ein Indoorspielplatz und eine gro\u00dfe Erlebnis- Au\u00dfenfl\u00e4che warten auf Euch!","potentialAction":[{"@type":"SearchAction","target":{"@type":"EntryPoint","urlTemplate":"https:\/\/spielschloss-diedersdorf.de\/?s={search_term_string}"},"query-input":"required name=search_term_string"}],"inLanguage":"de"},{"@type":"WebPage","@id":"https:\/\/spielschloss-diedersdorf.de\/datenschutz\/#webpage","url":"https:\/\/spielschloss-diedersdorf.de\/datenschutz\/","name":"Datenschutz - Das tolle Spielschloss- Diedersdorf","isPartOf":{"@id":"https:\/\/spielschloss-diedersdorf.de\/#website"},"datePublished":"2020-08-26T08:51:36+00:00","dateModified":"2020-08-26T08:51:36+00:00","breadcrumb":{"@id":"https:\/\/spielschloss-diedersdorf.de\/datenschutz\/#breadcrumb"},"inLanguage":"de","potentialAction":[{"@type":"ReadAction","target":["https:\/\/spielschloss-diedersdorf.de\/datenschutz\/"]}]},{"@type":"BreadcrumbList","@id":"https:\/\/spielschloss-diedersdorf.de\/datenschutz\/#breadcrumb","itemListElement":[{"@type":"ListItem","position":1,"name":"Startseite","item":"https:\/\/spielschloss-diedersdorf.de\/"},{"@type":"ListItem","position":2,"name":"Datenschutz"}]}]}},"_links":{"self":[{"href":"https:\/\/spielschloss-diedersdorf.de\/STRATO-apps\/wordpress_01\/app\/wp-json\/wp\/v2\/pages\/17"}],"collection":[{"href":"https:\/\/spielschloss-diedersdorf.de\/STRATO-apps\/wordpress_01\/app\/wp-json\/wp\/v2\/pages"}],"about":[{"href":"https:\/\/spielschloss-diedersdorf.de\/STRATO-apps\/wordpress_01\/app\/wp-json\/wp\/v2\/types\/page"}],"author":[{"embeddable":true,"href":"https:\/\/spielschloss-diedersdorf.de\/STRATO-apps\/wordpress_01\/app\/wp-json\/wp\/v2\/users\/1"}],"replies":[{"embeddable":true,"href":"https:\/\/spielschloss-diedersdorf.de\/STRATO-apps\/wordpress_01\/app\/wp-json\/wp\/v2\/comments?post=17"}],"version-history":[{"count":1,"href":"https:\/\/spielschloss-diedersdorf.de\/STRATO-apps\/wordpress_01\/app\/wp-json\/wp\/v2\/pages\/17\/revisions"}],"predecessor-version":[{"id":18,"href":"https:\/\/spielschloss-diedersdorf.de\/STRATO-apps\/wordpress_01\/app\/wp-json\/wp\/v2\/pages\/17\/revisions\/18"}],"wp:attachment":[{"href":"https:\/\/spielschloss-diedersdorf.de\/STRATO-apps\/wordpress_01\/app\/wp-json\/wp\/v2\/media?parent=17"}],"curies":[{"name":"wp","href":"https:\/\/api.w.org\/{rel}","templated":true}]}}