{"id":5,"date":"2020-08-26T08:27:04","date_gmt":"2020-08-26T08:27:04","guid":{"rendered":"http:\/\/spielschloss-diedersdorf.de\/?page_id=5"},"modified":"2022-04-01T10:55:39","modified_gmt":"2022-04-01T10:55:39","slug":"kindergeburtstage","status":"publish","type":"page","link":"https:\/\/spielschloss-diedersdorf.de\/STRATO-apps\/wordpress_01\/app\/","title":{"rendered":"Kindergeburstag"},"content":{"rendered":"\n<p><strong>Euren Kindergeburtstag in einem Schloss feiern, ist das nicht ein Traum?<\/strong> Dieser Traum kann war werden&#8230;<\/p>\n\n\n\n<p>Im <strong>Schloss Diedersdorf <\/strong>k\u00f6nnt ihr auf 500 qm Spielfl\u00e4che im Innenbereich und der Kinderwelt im Au\u00dfenbereich euren Geburtstag feiern.<\/p>\n\n\n\n<p>Bei jedem Wetter ist f\u00fcr eine Menge Abwechslung gesorgt.<\/p>\n\n\n\n<p>Es gibt im <strong>Spiel-Schloss<\/strong> ein Kletterger\u00fcst mit vier Ebenen, im Au\u00dfenbereich k\u00f6nnt ihr auf einer <strong>Riesenh\u00fcpfblase<\/strong> ausgelassen toben oder den Spielplatz im Park vom Schloss Diedersdorf erkunden. <\/p>\n\n\n\n<p>Zudem habt ihr die M\u00f6glichkeit mit Kettcars die Gegend zu erkunden oder euch beim Ponyreiten zu vergn\u00fcgen ( zu buchbar).<\/p>\n\n\n\n<p><strong>\u00d6ffnungszeiten<\/strong><\/p>\n\n\n\n<p>Donnestag und Freitag: \u00a0\u00a0  14.00 Uhr &#8211; 19.00 Uhr<br>Samstag und Sonntag: \u00a0\u00a0\u00a0  10:00 Uhr &#8211; 19.00 Uhr<br>Feiertag und Ferien: \u00a0 \u00a0 \u00a0 \u00a0   10.00 Uhr &#8211; 19.00 Uhr<\/p>\n\n\n\n<p>Die <strong>Reservierung <\/strong>des Kindergeburtstages im Schloss Diedersdorf bitte an kontakt@schloss-diedersdorf.de schicken. Solltet ihr Fragen haben, k\u00f6nnt ihr uns w\u00e4hrend der \u00d6ffnungszeiten unter der Telefonnummer +49 (0)3370 353546 erreichen.<\/p>\n\n\n\n<p><\/p>\n","protected":false},"excerpt":{"rendered":"<p>Euren Kindergeburtstag in einem Schloss feiern, ist das nicht ein Traum? Dieser Traum kann war werden&#8230; Im Schloss Diedersdorf k\u00f6nnt ihr auf 500 qm Spielfl\u00e4che im Innenbereich und der Kinderwelt im Au\u00dfenbereich euren Geburtstag feiern. Bei jedem Wetter ist f\u00fcr eine Menge Abwechslung gesorgt. Es gibt im Spiel-Schloss ein Kletterger\u00fcst mit vier Ebenen, im Au\u00dfenbereich &hellip; <\/p>\n<p class=\"link-more\"><a href=\"https:\/\/spielschloss-diedersdorf.de\/STRATO-apps\/wordpress_01\/app\/\" class=\"more-link\"><span class=\"screen-reader-text\">\u201eKindergeburstag\u201c<\/span> weiterlesen<\/a><\/p>\n","protected":false},"author":1,"featured_media":0,"parent":0,"menu_order":0,"comment_status":"closed","ping_status":"closed","template":"","meta":{"_themeisle_gutenberg_block_has_review":false,"_ti_tpc_template_sync":false,"_ti_tpc_template_id":""},"yoast_head":"<!-- This site is optimized with the Yoast SEO plugin v18.4.1 - https:\/\/yoast.com\/wordpress\/plugins\/seo\/ -->\n<title>Kindergeburstag - Das tolle Spielschloss- Diedersdorf<\/title>\n<meta name=\"robots\" content=\"index, follow, max-snippet:-1, max-image-preview:large, max-video-preview:-1\" \/>\n<link rel=\"canonical\" href=\"https:\/\/spielschloss-diedersdorf.de\/\" \/>\n<meta property=\"og:locale\" content=\"de_DE\" \/>\n<meta property=\"og:type\" content=\"article\" \/>\n<meta property=\"og:title\" content=\"Kindergeburstag - Das tolle Spielschloss- Diedersdorf\" \/>\n<meta property=\"og:description\" content=\"Euren Kindergeburtstag in einem Schloss feiern, ist das nicht ein Traum? Dieser Traum kann war werden&#8230; Im Schloss Diedersdorf k\u00f6nnt ihr auf 500 qm Spielfl\u00e4che im Innenbereich und der Kinderwelt im Au\u00dfenbereich euren Geburtstag feiern. Bei jedem Wetter ist f\u00fcr eine Menge Abwechslung gesorgt. Es gibt im Spiel-Schloss ein Kletterger\u00fcst mit vier Ebenen, im Au\u00dfenbereich &hellip; \u201eKindergeburstag\u201c weiterlesen\" \/>\n<meta property=\"og:url\" content=\"https:\/\/spielschloss-diedersdorf.de\/\" \/>\n<meta property=\"og:site_name\" content=\"Das tolle Spielschloss- Diedersdorf\" \/>\n<meta property=\"article:modified_time\" content=\"2022-04-01T10:55:39+00:00\" \/>\n<meta name=\"twitter:card\" content=\"summary_large_image\" \/>\n<meta name=\"twitter:label1\" content=\"Gesch\u00e4tzte Lesezeit\" \/>\n\t<meta name=\"twitter:data1\" content=\"1\u00a0Minute\" \/>\n<script type=\"application\/ld+json\" class=\"yoast-schema-graph\">{\"@context\":\"https:\/\/schema.org\",\"@graph\":[{\"@type\":\"WebSite\",\"@id\":\"https:\/\/spielschloss-diedersdorf.de\/#website\",\"url\":\"https:\/\/spielschloss-diedersdorf.de\/\",\"name\":\"Das tolle Spielschloss- Diedersdorf\",\"description\":\"Ein Indoorspielplatz und eine gro\u00dfe Erlebnis- Au\u00dfenfl\u00e4che warten auf Euch!\",\"potentialAction\":[{\"@type\":\"SearchAction\",\"target\":{\"@type\":\"EntryPoint\",\"urlTemplate\":\"https:\/\/spielschloss-diedersdorf.de\/?s={search_term_string}\"},\"query-input\":\"required name=search_term_string\"}],\"inLanguage\":\"de\"},{\"@type\":\"WebPage\",\"@id\":\"https:\/\/spielschloss-diedersdorf.de\/#webpage\",\"url\":\"https:\/\/spielschloss-diedersdorf.de\/\",\"name\":\"Kindergeburstag - Das tolle Spielschloss- Diedersdorf\",\"isPartOf\":{\"@id\":\"https:\/\/spielschloss-diedersdorf.de\/#website\"},\"datePublished\":\"2020-08-26T08:27:04+00:00\",\"dateModified\":\"2022-04-01T10:55:39+00:00\",\"breadcrumb\":{\"@id\":\"https:\/\/spielschloss-diedersdorf.de\/#breadcrumb\"},\"inLanguage\":\"de\",\"potentialAction\":[{\"@type\":\"ReadAction\",\"target\":[\"https:\/\/spielschloss-diedersdorf.de\/\"]}]},{\"@type\":\"BreadcrumbList\",\"@id\":\"https:\/\/spielschloss-diedersdorf.de\/#breadcrumb\",\"itemListElement\":[{\"@type\":\"ListItem\",\"position\":1,\"name\":\"Startseite\",\"item\":\"https:\/\/spielschloss-diedersdorf.de\/\"},{\"@type\":\"ListItem\",\"position\":2,\"name\":\"Kindergeburstag\"}]}]}<\/script>\n<!-- \/ Yoast SEO plugin. -->","yoast_head_json":{"title":"Kindergeburstag - Das tolle Spielschloss- Diedersdorf","robots":{"index":"index","follow":"follow","max-snippet":"max-snippet:-1","max-image-preview":"max-image-preview:large","max-video-preview":"max-video-preview:-1"},"canonical":"https:\/\/spielschloss-diedersdorf.de\/","og_locale":"de_DE","og_type":"article","og_title":"Kindergeburstag - Das tolle Spielschloss- Diedersdorf","og_description":"Euren Kindergeburtstag in einem Schloss feiern, ist das nicht ein Traum? Dieser Traum kann war werden&#8230; Im Schloss Diedersdorf k\u00f6nnt ihr auf 500 qm Spielfl\u00e4che im Innenbereich und der Kinderwelt im Au\u00dfenbereich euren Geburtstag feiern. Bei jedem Wetter ist f\u00fcr eine Menge Abwechslung gesorgt. Es gibt im Spiel-Schloss ein Kletterger\u00fcst mit vier Ebenen, im Au\u00dfenbereich &hellip; \u201eKindergeburstag\u201c weiterlesen","og_url":"https:\/\/spielschloss-diedersdorf.de\/","og_site_name":"Das tolle Spielschloss- Diedersdorf","article_modified_time":"2022-04-01T10:55:39+00:00","twitter_card":"summary_large_image","twitter_misc":{"Gesch\u00e4tzte Lesezeit":"1\u00a0Minute"},"schema":{"@context":"https:\/\/schema.org","@graph":[{"@type":"WebSite","@id":"https:\/\/spielschloss-diedersdorf.de\/#website","url":"https:\/\/spielschloss-diedersdorf.de\/","name":"Das tolle Spielschloss- Diedersdorf","description":"Ein Indoorspielplatz und eine gro\u00dfe Erlebnis- Au\u00dfenfl\u00e4che warten auf Euch!","potentialAction":[{"@type":"SearchAction","target":{"@type":"EntryPoint","urlTemplate":"https:\/\/spielschloss-diedersdorf.de\/?s={search_term_string}"},"query-input":"required name=search_term_string"}],"inLanguage":"de"},{"@type":"WebPage","@id":"https:\/\/spielschloss-diedersdorf.de\/#webpage","url":"https:\/\/spielschloss-diedersdorf.de\/","name":"Kindergeburstag - Das tolle Spielschloss- Diedersdorf","isPartOf":{"@id":"https:\/\/spielschloss-diedersdorf.de\/#website"},"datePublished":"2020-08-26T08:27:04+00:00","dateModified":"2022-04-01T10:55:39+00:00","breadcrumb":{"@id":"https:\/\/spielschloss-diedersdorf.de\/#breadcrumb"},"inLanguage":"de","potentialAction":[{"@type":"ReadAction","target":["https:\/\/spielschloss-diedersdorf.de\/"]}]},{"@type":"BreadcrumbList","@id":"https:\/\/spielschloss-diedersdorf.de\/#breadcrumb","itemListElement":[{"@type":"ListItem","position":1,"name":"Startseite","item":"https:\/\/spielschloss-diedersdorf.de\/"},{"@type":"ListItem","position":2,"name":"Kindergeburstag"}]}]}},"_links":{"self":[{"href":"https:\/\/spielschloss-diedersdorf.de\/STRATO-apps\/wordpress_01\/app\/wp-json\/wp\/v2\/pages\/5"}],"collection":[{"href":"https:\/\/spielschloss-diedersdorf.de\/STRATO-apps\/wordpress_01\/app\/wp-json\/wp\/v2\/pages"}],"about":[{"href":"https:\/\/spielschloss-diedersdorf.de\/STRATO-apps\/wordpress_01\/app\/wp-json\/wp\/v2\/types\/page"}],"author":[{"embeddable":true,"href":"https:\/\/spielschloss-diedersdorf.de\/STRATO-apps\/wordpress_01\/app\/wp-json\/wp\/v2\/users\/1"}],"replies":[{"embeddable":true,"href":"https:\/\/spielschloss-diedersdorf.de\/STRATO-apps\/wordpress_01\/app\/wp-json\/wp\/v2\/comments?post=5"}],"version-history":[{"count":12,"href":"https:\/\/spielschloss-diedersdorf.de\/STRATO-apps\/wordpress_01\/app\/wp-json\/wp\/v2\/pages\/5\/revisions"}],"predecessor-version":[{"id":209,"href":"https:\/\/spielschloss-diedersdorf.de\/STRATO-apps\/wordpress_01\/app\/wp-json\/wp\/v2\/pages\/5\/revisions\/209"}],"wp:attachment":[{"href":"https:\/\/spielschloss-diedersdorf.de\/STRATO-apps\/wordpress_01\/app\/wp-json\/wp\/v2\/media?parent=5"}],"curies":[{"name":"wp","href":"https:\/\/api.w.org\/{rel}","templated":true}]}}